{"id":6703,"date":"2021-09-13T08:26:01","date_gmt":"2021-09-13T06:26:01","guid":{"rendered":"https:\/\/gs-marketing.com\/?page_id=6703"},"modified":"2022-07-20T12:35:52","modified_gmt":"2022-07-20T10:35:52","slug":"aktuality","status":"publish","type":"page","link":"https:\/\/gs-marketing.cz\/en\/aktuality\/","title":{"rendered":"News"},"content":{"rendered":"<div data-elementor-type=\"wp-page\" data-elementor-id=\"6703\" class=\"elementor elementor-6703\">\n\t\t\t\t\t\t<section class=\"elementor-section elementor-top-section elementor-element elementor-element-322ab53 elementor-section-full_width elementor-section-height-default elementor-section-height-default nt-section-ripped-top ripped-top-no nt-section-ripped-bottom ripped-bottom-no\" data-id=\"322ab53\" data-element_type=\"section\">\n\t\t\t\t\t\t<div class=\"elementor-container elementor-column-gap-default\">\n\t\t\t\t\t<div class=\"elementor-column elementor-col-100 elementor-top-column elementor-element elementor-element-cdf9b87\" data-id=\"cdf9b87\" data-element_type=\"column\">\n\t\t\t<div class=\"elementor-widget-wrap elementor-element-populated\">\n\t\t\t\t\t\t<div class=\"elementor-element elementor-element-2042b9b elementor-widget elementor-widget-agrikon-page-hero\" data-id=\"2042b9b\" data-element_type=\"widget\" data-settings=\"{&quot;_animation&quot;:&quot;none&quot;}\" data-widget_type=\"agrikon-page-hero.default\">\n\t\t\t\t<div class=\"elementor-widget-container\">\n\t\t\t\t\t<div class=\"page-header\"><div class=\"page-header__bg\"><\/div><div class=\"container\"><h2 class=\"page-title\">News<\/h2><\/div><\/div>\t\t\t\t<\/div>\n\t\t\t\t<\/div>\n\t\t\t\t<div class=\"elementor-element elementor-element-0940ebc elementor-widget elementor-widget-spacer\" data-id=\"0940ebc\" data-element_type=\"widget\" data-widget_type=\"spacer.default\">\n\t\t\t\t<div class=\"elementor-widget-container\">\n\t\t\t\t\t\t\t<div class=\"elementor-spacer\">\n\t\t\t<div class=\"elementor-spacer-inner\"><\/div>\n\t\t<\/div>\n\t\t\t\t\t\t<\/div>\n\t\t\t\t<\/div>\n\t\t\t\t\t<\/div>\n\t\t<\/div>\n\t\t\t\t\t<\/div>\n\t\t<\/section>\n\t\t\t\t<section class=\"elementor-section elementor-top-section elementor-element elementor-element-a134711 elementor-section-boxed elementor-section-height-default elementor-section-height-default nt-section-ripped-top ripped-top-no nt-section-ripped-bottom ripped-bottom-no\" data-id=\"a134711\" data-element_type=\"section\">\n\t\t\t\t\t\t<div class=\"elementor-container elementor-column-gap-default\">\n\t\t\t\t\t<div class=\"elementor-column elementor-col-100 elementor-top-column elementor-element elementor-element-368d593\" data-id=\"368d593\" data-element_type=\"column\">\n\t\t\t<div class=\"elementor-widget-wrap elementor-element-populated\">\n\t\t\t\t\t\t<div class=\"elementor-element elementor-element-3c1039a elementor-grid-2 elementor-grid-tablet-2 elementor-grid-mobile-1 elementor-widget elementor-widget-elementor-blog-posts\" data-id=\"3c1039a\" data-element_type=\"widget\" data-settings=\"{&quot;columns&quot;:&quot;2&quot;,&quot;columns_tablet&quot;:&quot;2&quot;,&quot;columns_mobile&quot;:&quot;1&quot;}\" data-widget_type=\"elementor-blog-posts.default\">\n\t\t\t\t<div class=\"elementor-widget-container\">\n\t\t\t\t\t\t\t<div class=\"wpcap-grid\">\n\t\t\t\t\t\t<div class=\"wpcap-grid-container elementor-grid wpcap-grid-desktop-2 wpcap-grid-tablet-2 wpcap-grid-mobile-1 grid-meta-bottom\">\n\n\t\t\t\t\n        <article id=\"post-8271\" class=\"wpcap-post post-8271 post type-post status-publish format-standard hentry category-pestitelstratov nt-post-class  thumb-none excerpt-none\">\n         \n            <div class=\"post-grid-inner\">\n            \t\n            \t\n                <div class=\"post-grid-text-wrap\">\n               \t\t\t\t<h3 class=\"title\">\n\t\t\t<a href=\"https:\/\/gs-marketing.cz\/en\/projekt-investice-do-produkce-zeleniny-iii\/\">Projekt Investice do produkce zeleniny III.<\/a>\n\t\t<\/h3>\n\t\t\t                \t\t<div class=\"post-grid-excerpt\">\n\t\t\t\t\t<\/div>\n\t\t\t                                <\/div>\n\n                \t\t<div class=\"post-grid-meta\">\n\t\t\t\n\t\t\t\t<span class=\"post-date\"><time datetime=\"2025-11-11T15:51:14+01:00\">November 11, 2025<\/time><\/span>\n\n\t\t\t\t\t\t<\/div>\n\t\t\n            <\/div><!-- .blog-inner -->\n           \n        <\/article>\n\n        \n        <article id=\"post-8266\" class=\"wpcap-post post-8266 post type-post status-publish format-standard hentry category-news category-pestitelstratov nt-post-class  thumb-none excerpt-none\">\n         \n            <div class=\"post-grid-inner\">\n            \t\n            \t\n                <div class=\"post-grid-text-wrap\">\n               \t\t\t\t<h3 class=\"title\">\n\t\t\t<a href=\"https:\/\/gs-marketing.cz\/en\/vanocni-prodej-krut-a-krocanu-pestitel-stratov\/\">V\u00e1no\u010dn\u00ed prodej kr\u016ft a krocan\u016f &#8211; P\u011bstitel Stratov<\/a>\n\t\t<\/h3>\n\t\t\t                \t\t<div class=\"post-grid-excerpt\">\n\t\t\t\t\t<\/div>\n\t\t\t                                <\/div>\n\n                \t\t<div class=\"post-grid-meta\">\n\t\t\t\n\t\t\t\t<span class=\"post-date\"><time datetime=\"2025-10-20T08:10:46+02:00\">October 20, 2025<\/time><\/span>\n\n\t\t\t\t\t\t<\/div>\n\t\t\n            <\/div><!-- .blog-inner -->\n           \n        <\/article>\n\n        \n        <article id=\"post-8262\" class=\"wpcap-post post-8262 post type-post status-publish format-standard hentry category-news category-odbytovedruzstvo nt-post-class  thumb-none excerpt-none\">\n         \n            <div class=\"post-grid-inner\">\n            \t\n            \t\n                <div class=\"post-grid-text-wrap\">\n               \t\t\t\t<h3 class=\"title\">\n\t\t\t<a href=\"https:\/\/gs-marketing.cz\/en\/pozvanka-na-radnou-clenskou-schuzi-gs-pestitel-odbytove-druzstvo-30-9-2025\/\">Pozv\u00e1nka na \u0159\u00e1dnou \u010dlenskou sch\u016fzi G\u2019s P\u011bstitel, odbytov\u00e9 dru\u017estvo 30.9.2025<\/a>\n\t\t<\/h3>\n\t\t\t                \t\t<div class=\"post-grid-excerpt\">\n\t\t\t<p>P\u0159edstavenstvo G\u00b4s P\u011bstitel odbytov\u00e9 dru\u017estvo svol\u00e1v\u00e1 \u0159\u00e1dnou \u010dlenskou sch\u016fzi, kter\u00e1 se bude konat dne 30.9. 2025 od 10,00 hod. ve Stratov\u011b \u010d.p. 185<\/p>\n\t\t<\/div>\n\t\t\t                                <\/div>\n\n                \t\t<div class=\"post-grid-meta\">\n\t\t\t\n\t\t\t\t<span class=\"post-date\"><time datetime=\"2025-08-21T14:28:18+02:00\">August 21, 2025<\/time><\/span>\n\n\t\t\t\t\t\t<\/div>\n\t\t\n            <\/div><!-- .blog-inner -->\n           \n        <\/article>\n\n        \n        <article id=\"post-8254\" class=\"wpcap-post post-8254 post type-post status-publish format-standard hentry category-news category-odbytovedruzstvo nt-post-class  thumb-none excerpt-none\">\n         \n            <div class=\"post-grid-inner\">\n            \t\n            \t\n                <div class=\"post-grid-text-wrap\">\n               \t\t\t\t<h3 class=\"title\">\n\t\t\t<a href=\"https:\/\/gs-marketing.cz\/en\/pozvanka-na-clenskou-schuzi-gs-pestitel-odbytove-druzstvo-3\/\">Pozv\u00e1nka na \u010dlenskou sch\u016fzi G&#8217;s P\u011bstitel, odbytov\u00e9 dru\u017estvo<\/a>\n\t\t<\/h3>\n\t\t\t                \t\t<div class=\"post-grid-excerpt\">\n\t\t\t<p>P\u0159edstavenstvo G&#8217;s P\u011bstitel Stratov, odbytov\u00e9 dru\u017estvo svol\u00e1v\u00e1 \u0159\u00e1dnou \u010dlenskou sch\u016fzi, kter\u00e1 se bude konat dnes 7.5.2025 ve 13:00 hod. na adrese Stratov \u010d.p. 185 Pozv\u00e1nku najdete pod t\u00edmto odkazem &nbsp;<\/p>\n\t\t<\/div>\n\t\t\t                                <\/div>\n\n                \t\t<div class=\"post-grid-meta\">\n\t\t\t\n\t\t\t\t<span class=\"post-date\"><time datetime=\"2025-04-17T15:56:05+02:00\">April 17, 2025<\/time><\/span>\n\n\t\t\t\t\t\t<\/div>\n\t\t\n            <\/div><!-- .blog-inner -->\n           \n        <\/article>\n\n        \n        <article id=\"post-8231\" class=\"wpcap-post post-8231 post type-post status-publish format-standard hentry category-news category-novinkypascualpolabi nt-post-class  thumb-none excerpt-none\">\n         \n            <div class=\"post-grid-inner\">\n            \t\n            \t\n                <div class=\"post-grid-text-wrap\">\n               \t\t\t\t<h3 class=\"title\">\n\t\t\t<a href=\"https:\/\/gs-marketing.cz\/en\/projekt-investice-do-pestovani-zeleniny\/\">PROJEKT Investice do p\u011bstov\u00e1n\u00ed zeleniny<\/a>\n\t\t<\/h3>\n\t\t\t                \t\t<div class=\"post-grid-excerpt\">\n\t\t\t<p>PROJEKT Investice do p\u011bstov\u00e1n\u00ed zeleniny IV. je spolufinancov\u00e1n Evropskou uni\u00ed. Investice vedouc\u00ed k modernizaci zem\u011bd\u011blsk\u00e9ho podniku Pascual Polab\u00ed s.r.o. je zem\u011bd\u011blsk\u00fd podnikatel zam\u011b\u0159en\u00fd p\u0159edev\u0161\u00edm na p\u011bstov\u00e1n\u00ed r\u016fzn\u00fdch druh\u016f zeleniny (listov\u00e9 sal\u00e1ty, \u0159ap. celer, atd.), projekt je v\u0161ak zam\u011b\u0159en pouze na kuku\u0159ici cukrovou a \u010dervenou \u0159epu. P\u0159edm\u011btem projektu je dopln\u011bn\u00ed v\u00fdrobn\u00edch prost\u0159edk\u016f, kter\u00e9 \u017eadatel dosud postr\u00e1dal, to jest dopln\u011bn\u00ed poskliz\u0148ov\u00e9 technologie. V\u00fdsledkem projektu je technologick\u00e1 linka pro poskliz\u0148ovou p\u0159edexpedi\u010dn\u00ed \u00fapravu klas\u016f kuku\u0159ice cukrov\u00e9 a \u010derven\u00e9 \u0159epy &#8211; d\u016fvodem je roz\u0161\u00ed\u0159en\u00ed \u010dinnosti zem\u011bd\u011blsk\u00e9ho podniku o p\u011bstov\u00e1n\u00ed nov\u00fdch plodin. Technologick\u00e1 linka bude ur\u010dena pro poskliz\u0148ovou p\u0159edexpedi\u010dn\u00ed \u00fapravu kuku\u0159ice cukrov\u00e9 a \u010derven\u00e9 \u0159epy. Projekt m\u011bl pozitivn\u00ed p\u0159\u00ednos, pomohl roz\u0161\u00ed\u0159it technologie, kter\u00e9 podnik pot\u0159ebuje v n\u00e1vaznosti na p\u011bstovan\u00e9 zeleniny a v r\u00e1mci zaji\u0161t\u011bn\u00ed kvalitn\u00ed produkce &nbsp;<\/p>\n\t\t<\/div>\n\t\t\t                                <\/div>\n\n                \t\t<div class=\"post-grid-meta\">\n\t\t\t\n\t\t\t\t<span class=\"post-date\"><time datetime=\"2025-03-03T17:42:46+01:00\">March 3, 2025<\/time><\/span>\n\n\t\t\t\t\t\t<\/div>\n\t\t\n            <\/div><!-- .blog-inner -->\n           \n        <\/article>\n\n        \n        <article id=\"post-8195\" class=\"wpcap-post post-8195 post type-post status-publish format-standard hentry category-news category-odbytovedruzstvo nt-post-class  thumb-none excerpt-none\">\n         \n            <div class=\"post-grid-inner\">\n            \t\n            \t\n                <div class=\"post-grid-text-wrap\">\n               \t\t\t\t<h3 class=\"title\">\n\t\t\t<a href=\"https:\/\/gs-marketing.cz\/en\/pozvanka-na-clenskou-schuzi-gs-pestitel-odbytove-druzstvo-10-2024\/\">Pozv\u00e1nka na \u010dlenskou sch\u016fzi G\u2019s P\u011bstitel odbytov\u00e9 dru\u017estvo 10\/2024<\/a>\n\t\t<\/h3>\n\t\t\t                \t\t<div class=\"post-grid-excerpt\">\n\t\t\t<p>P\u0159edstavenstvo G&#8217;s P\u011bstitel odbytov\u00e9 dru\u017estvo svol\u00e1v\u00e1 \u0159\u00e1dnou \u010dlenskou sch\u016fzi, kter\u00e1 se bude konat dne 24.10.2024 od 10:00 hod. ve Stratov\u011b \u010d.p. 185 Pozv\u00e1nka v PDF zde:<\/p>\n\t\t<\/div>\n\t\t\t                                <\/div>\n\n                \t\t<div class=\"post-grid-meta\">\n\t\t\t\n\t\t\t\t<span class=\"post-date\"><time datetime=\"2024-10-08T09:33:18+02:00\">October 8, 2024<\/time><\/span>\n\n\t\t\t\t\t\t<\/div>\n\t\t\n            <\/div><!-- .blog-inner -->\n           \n        <\/article>\n\n        \n\t\t\t<\/div>\n\t\t<\/div>\n\t\t\t\t\t\t<\/div>\n\t\t\t\t<\/div>\n\t\t\t\t<div class=\"elementor-element elementor-element-ac67aea elementor-widget elementor-widget-spacer\" data-id=\"ac67aea\" data-element_type=\"widget\" data-widget_type=\"spacer.default\">\n\t\t\t\t<div class=\"elementor-widget-container\">\n\t\t\t\t\t\t\t<div class=\"elementor-spacer\">\n\t\t\t<div class=\"elementor-spacer-inner\"><\/div>\n\t\t<\/div>\n\t\t\t\t\t\t<\/div>\n\t\t\t\t<\/div>\n\t\t\t\t<div class=\"elementor-element elementor-element-a70e204 elementor-widget elementor-widget-spacer\" data-id=\"a70e204\" data-element_type=\"widget\" data-widget_type=\"spacer.default\">\n\t\t\t\t<div class=\"elementor-widget-container\">\n\t\t\t\t\t\t\t<div class=\"elementor-spacer\">\n\t\t\t<div class=\"elementor-spacer-inner\"><\/div>\n\t\t<\/div>\n\t\t\t\t\t\t<\/div>\n\t\t\t\t<\/div>\n\t\t\t\t\t<\/div>\n\t\t<\/div>\n\t\t\t\t\t<\/div>\n\t\t<\/section>\n\t\t\t\t<section class=\"elementor-section elementor-top-section elementor-element elementor-element-d1d6b90 elementor-section-boxed elementor-section-height-default elementor-section-height-default nt-section-ripped-top ripped-top-no nt-section-ripped-bottom ripped-bottom-no\" data-id=\"d1d6b90\" data-element_type=\"section\">\n\t\t\t\t\t\t<div class=\"elementor-container elementor-column-gap-default\">\n\t\t\t\t\t<div class=\"elementor-column elementor-col-100 elementor-top-column elementor-element elementor-element-ec73bc3\" data-id=\"ec73bc3\" data-element_type=\"column\">\n\t\t\t<div class=\"elementor-widget-wrap elementor-element-populated\">\n\t\t\t\t\t\t<div class=\"elementor-element elementor-element-1987cc4 elementor-widget elementor-widget-spacer\" data-id=\"1987cc4\" data-element_type=\"widget\" data-widget_type=\"spacer.default\">\n\t\t\t\t<div class=\"elementor-widget-container\">\n\t\t\t\t\t\t\t<div class=\"elementor-spacer\">\n\t\t\t<div class=\"elementor-spacer-inner\"><\/div>\n\t\t<\/div>\n\t\t\t\t\t\t<\/div>\n\t\t\t\t<\/div>\n\t\t\t\t\t<\/div>\n\t\t<\/div>\n\t\t\t\t\t<\/div>\n\t\t<\/section>\n\t\t\t\t<\/div>","protected":false},"excerpt":{"rendered":"<p>Aktuality G&#8217;s P\u011bstitel o.d. &#8211; \u010clensk\u00e1 sch\u016fze 08\/22 G\u2019s P\u011bstitel o.d. \u2013 \u010clensk\u00e1 sch\u016fze 08\/21 P\u0159edstavenstvo G&#8217;s P\u011bstitel odbytov\u00e9 dru\u017estvo svol\u00e1v\u00e1 \u0159\u00e1dnou \u010dlenskou sch\u016fzi, kter\u00e1 se bude konat dne 4.8. 2022 od 11:00 ve Stratov\u011b\u00a0\u010d.p. 185. V\u00edce informac\u00ed najdete v p\u0159\u00edloze ZDE P\u0159\u00edloha \u010d.7 &#8211; C\u00edle programu , popis v\u00fdchoz\u00ed situace , navr\u017een\u00e1 opat\u0159en\u00ed a&#8230;<\/p>","protected":false},"author":1,"featured_media":0,"parent":0,"menu_order":0,"comment_status":"closed","ping_status":"closed","template":"","meta":{"footnotes":""},"class_list":{"0":"post-6703","1":"page","2":"type-page","3":"status-publish","4":"hentry","5":"nt-post-class","6":"","8":"thumb-none","10":"excerpt-none"},"yoast_head":"<!-- This site is optimized with the Yoast SEO plugin v27.3 - https:\/\/yoast.com\/product\/yoast-seo-wordpress\/ -->\n<title>Aktuality - G&#039;s Czech<\/title>\n<meta name=\"robots\" content=\"index, follow, max-snippet:-1, max-image-preview:large, max-video-preview:-1\" \/>\n<link rel=\"canonical\" href=\"https:\/\/gs-marketing.cz\/en\/aktuality\/\" \/>\n<meta property=\"og:locale\" content=\"en_GB\" \/>\n<meta property=\"og:type\" content=\"article\" \/>\n<meta property=\"og:title\" content=\"Aktuality - G&#039;s Czech\" \/>\n<meta property=\"og:description\" content=\"Aktuality G&#8217;s P\u011bstitel o.d. &#8211; \u010clensk\u00e1 sch\u016fze 08\/22 G\u2019s P\u011bstitel o.d. \u2013 \u010clensk\u00e1 sch\u016fze 08\/21 P\u0159edstavenstvo G&#8217;s P\u011bstitel odbytov\u00e9 dru\u017estvo svol\u00e1v\u00e1 \u0159\u00e1dnou \u010dlenskou sch\u016fzi, kter\u00e1 se bude konat dne 4.8. 2022 od 11:00 ve Stratov\u011b\u00a0\u010d.p. 185. V\u00edce informac\u00ed najdete v p\u0159\u00edloze ZDE P\u0159\u00edloha \u010d.7 &#8211; C\u00edle programu , popis v\u00fdchoz\u00ed situace , navr\u017een\u00e1 opat\u0159en\u00ed a...\" \/>\n<meta property=\"og:url\" content=\"https:\/\/gs-marketing.cz\/en\/aktuality\/\" \/>\n<meta property=\"og:site_name\" content=\"G&#039;s Czech\" \/>\n<meta property=\"article:modified_time\" content=\"2022-07-20T10:35:52+00:00\" \/>\n<meta name=\"twitter:card\" content=\"summary_large_image\" \/>\n<meta name=\"twitter:label1\" content=\"Estimated reading time\" \/>\n\t<meta name=\"twitter:data1\" content=\"3 minutes\" \/>\n<script type=\"application\/ld+json\" class=\"yoast-schema-graph\">{\"@context\":\"https:\\\/\\\/schema.org\",\"@graph\":[{\"@type\":\"WebPage\",\"@id\":\"https:\\\/\\\/gs-marketing.cz\\\/aktuality\\\/\",\"url\":\"https:\\\/\\\/gs-marketing.cz\\\/aktuality\\\/\",\"name\":\"Aktuality - G&#039;s Czech\",\"isPartOf\":{\"@id\":\"https:\\\/\\\/gs-marketing.cz\\\/#website\"},\"datePublished\":\"2021-09-13T06:26:01+00:00\",\"dateModified\":\"2022-07-20T10:35:52+00:00\",\"breadcrumb\":{\"@id\":\"https:\\\/\\\/gs-marketing.cz\\\/aktuality\\\/#breadcrumb\"},\"inLanguage\":\"en-GB\",\"potentialAction\":[{\"@type\":\"ReadAction\",\"target\":[\"https:\\\/\\\/gs-marketing.cz\\\/aktuality\\\/\"]}]},{\"@type\":\"BreadcrumbList\",\"@id\":\"https:\\\/\\\/gs-marketing.cz\\\/aktuality\\\/#breadcrumb\",\"itemListElement\":[{\"@type\":\"ListItem\",\"position\":1,\"name\":\"Dom\u016f\",\"item\":\"https:\\\/\\\/gs-marketing.cz\\\/\"},{\"@type\":\"ListItem\",\"position\":2,\"name\":\"Aktuality\"}]},{\"@type\":\"WebSite\",\"@id\":\"https:\\\/\\\/gs-marketing.cz\\\/#website\",\"url\":\"https:\\\/\\\/gs-marketing.cz\\\/\",\"name\":\"G's Czech\",\"description\":\"Kv\u011btiny a zelenina z Polab\u00ed\",\"publisher\":{\"@id\":\"https:\\\/\\\/gs-marketing.cz\\\/#organization\"},\"potentialAction\":[{\"@type\":\"SearchAction\",\"target\":{\"@type\":\"EntryPoint\",\"urlTemplate\":\"https:\\\/\\\/gs-marketing.cz\\\/?s={search_term_string}\"},\"query-input\":{\"@type\":\"PropertyValueSpecification\",\"valueRequired\":true,\"valueName\":\"search_term_string\"}}],\"inLanguage\":\"en-GB\"},{\"@type\":\"Organization\",\"@id\":\"https:\\\/\\\/gs-marketing.cz\\\/#organization\",\"name\":\"G's Czech\",\"url\":\"https:\\\/\\\/gs-marketing.cz\\\/\",\"logo\":{\"@type\":\"ImageObject\",\"inLanguage\":\"en-GB\",\"@id\":\"https:\\\/\\\/gs-marketing.cz\\\/#\\\/schema\\\/logo\\\/image\\\/\",\"url\":\"https:\\\/\\\/i0.wp.com\\\/gs-marketing.cz\\\/wp-content\\\/uploads\\\/2021\\\/04\\\/GS_logo.png?fit=2412%2C1612&ssl=1\",\"contentUrl\":\"https:\\\/\\\/i0.wp.com\\\/gs-marketing.cz\\\/wp-content\\\/uploads\\\/2021\\\/04\\\/GS_logo.png?fit=2412%2C1612&ssl=1\",\"width\":2412,\"height\":1612,\"caption\":\"G's Czech\"},\"image\":{\"@id\":\"https:\\\/\\\/gs-marketing.cz\\\/#\\\/schema\\\/logo\\\/image\\\/\"}}]}<\/script>\n<!-- \/ Yoast SEO plugin. -->","yoast_head_json":{"title":"Aktuality - G&#039;s Czech","robots":{"index":"index","follow":"follow","max-snippet":"max-snippet:-1","max-image-preview":"max-image-preview:large","max-video-preview":"max-video-preview:-1"},"canonical":"https:\/\/gs-marketing.cz\/en\/aktuality\/","og_locale":"en_GB","og_type":"article","og_title":"Aktuality - G&#039;s Czech","og_description":"Aktuality G&#8217;s P\u011bstitel o.d. &#8211; \u010clensk\u00e1 sch\u016fze 08\/22 G\u2019s P\u011bstitel o.d. \u2013 \u010clensk\u00e1 sch\u016fze 08\/21 P\u0159edstavenstvo G&#8217;s P\u011bstitel odbytov\u00e9 dru\u017estvo svol\u00e1v\u00e1 \u0159\u00e1dnou \u010dlenskou sch\u016fzi, kter\u00e1 se bude konat dne 4.8. 2022 od 11:00 ve Stratov\u011b\u00a0\u010d.p. 185. V\u00edce informac\u00ed najdete v p\u0159\u00edloze ZDE P\u0159\u00edloha \u010d.7 &#8211; C\u00edle programu , popis v\u00fdchoz\u00ed situace , navr\u017een\u00e1 opat\u0159en\u00ed a...","og_url":"https:\/\/gs-marketing.cz\/en\/aktuality\/","og_site_name":"G&#039;s Czech","article_modified_time":"2022-07-20T10:35:52+00:00","twitter_card":"summary_large_image","twitter_misc":{"Estimated reading time":"3 minutes"},"schema":{"@context":"https:\/\/schema.org","@graph":[{"@type":"WebPage","@id":"https:\/\/gs-marketing.cz\/aktuality\/","url":"https:\/\/gs-marketing.cz\/aktuality\/","name":"Aktuality - G&#039;s Czech","isPartOf":{"@id":"https:\/\/gs-marketing.cz\/#website"},"datePublished":"2021-09-13T06:26:01+00:00","dateModified":"2022-07-20T10:35:52+00:00","breadcrumb":{"@id":"https:\/\/gs-marketing.cz\/aktuality\/#breadcrumb"},"inLanguage":"en-GB","potentialAction":[{"@type":"ReadAction","target":["https:\/\/gs-marketing.cz\/aktuality\/"]}]},{"@type":"BreadcrumbList","@id":"https:\/\/gs-marketing.cz\/aktuality\/#breadcrumb","itemListElement":[{"@type":"ListItem","position":1,"name":"Dom\u016f","item":"https:\/\/gs-marketing.cz\/"},{"@type":"ListItem","position":2,"name":"Aktuality"}]},{"@type":"WebSite","@id":"https:\/\/gs-marketing.cz\/#website","url":"https:\/\/gs-marketing.cz\/","name":"G&#039;s Czech","description":"Flowers and vegetables from the Labe region","publisher":{"@id":"https:\/\/gs-marketing.cz\/#organization"},"potentialAction":[{"@type":"SearchAction","target":{"@type":"EntryPoint","urlTemplate":"https:\/\/gs-marketing.cz\/?s={search_term_string}"},"query-input":{"@type":"PropertyValueSpecification","valueRequired":true,"valueName":"search_term_string"}}],"inLanguage":"en-GB"},{"@type":"Organization","@id":"https:\/\/gs-marketing.cz\/#organization","name":"G&#039;s Czech","url":"https:\/\/gs-marketing.cz\/","logo":{"@type":"ImageObject","inLanguage":"en-GB","@id":"https:\/\/gs-marketing.cz\/#\/schema\/logo\/image\/","url":"https:\/\/i0.wp.com\/gs-marketing.cz\/wp-content\/uploads\/2021\/04\/GS_logo.png?fit=2412%2C1612&ssl=1","contentUrl":"https:\/\/i0.wp.com\/gs-marketing.cz\/wp-content\/uploads\/2021\/04\/GS_logo.png?fit=2412%2C1612&ssl=1","width":2412,"height":1612,"caption":"G's Czech"},"image":{"@id":"https:\/\/gs-marketing.cz\/#\/schema\/logo\/image\/"}}]}},"jetpack_sharing_enabled":true,"_links":{"self":[{"href":"https:\/\/gs-marketing.cz\/en\/wp-json\/wp\/v2\/pages\/6703","targetHints":{"allow":["GET"]}}],"collection":[{"href":"https:\/\/gs-marketing.cz\/en\/wp-json\/wp\/v2\/pages"}],"about":[{"href":"https:\/\/gs-marketing.cz\/en\/wp-json\/wp\/v2\/types\/page"}],"author":[{"embeddable":true,"href":"https:\/\/gs-marketing.cz\/en\/wp-json\/wp\/v2\/users\/1"}],"replies":[{"embeddable":true,"href":"https:\/\/gs-marketing.cz\/en\/wp-json\/wp\/v2\/comments?post=6703"}],"version-history":[{"count":57,"href":"https:\/\/gs-marketing.cz\/en\/wp-json\/wp\/v2\/pages\/6703\/revisions"}],"predecessor-version":[{"id":7959,"href":"https:\/\/gs-marketing.cz\/en\/wp-json\/wp\/v2\/pages\/6703\/revisions\/7959"}],"wp:attachment":[{"href":"https:\/\/gs-marketing.cz\/en\/wp-json\/wp\/v2\/media?parent=6703"}],"curies":[{"name":"wp","href":"https:\/\/api.w.org\/{rel}","templated":true}]}}