{"id":64,"date":"2021-03-24T10:46:30","date_gmt":"2021-03-24T10:46:30","guid":{"rendered":"https:\/\/gs-marketing.com\/?page_id=64"},"modified":"2021-03-24T11:28:28","modified_gmt":"2021-03-24T11:28:28","slug":"o-holdingu","status":"publish","type":"page","link":"https:\/\/gs-marketing.cz\/en\/o-holdingu\/","title":{"rendered":"O Holdingu"},"content":{"rendered":"<div class=\"wp-block-cover alignfull has-background-dim sliderbox\"><img data-recalc-dims=\"1\" fetchpriority=\"high\" decoding=\"async\" width=\"960\" height=\"639\" class=\"wp-block-cover__image-background wp-image-60\" alt=\"\" src=\"https:\/\/i0.wp.com\/gs-marketing.cz\/wp-content\/uploads\/2021\/03\/jan-kopriva-LTMaAwxanGk-unsplash-scaled.jpg?resize=960%2C639&#038;ssl=1\" data-object-fit=\"cover\" srcset=\"https:\/\/i0.wp.com\/gs-marketing.cz\/wp-content\/uploads\/2021\/03\/jan-kopriva-LTMaAwxanGk-unsplash-scaled.jpg?w=2560&amp;ssl=1 2560w, https:\/\/i0.wp.com\/gs-marketing.cz\/wp-content\/uploads\/2021\/03\/jan-kopriva-LTMaAwxanGk-unsplash-scaled.jpg?resize=300%2C200&amp;ssl=1 300w, https:\/\/i0.wp.com\/gs-marketing.cz\/wp-content\/uploads\/2021\/03\/jan-kopriva-LTMaAwxanGk-unsplash-scaled.jpg?resize=1024%2C681&amp;ssl=1 1024w, https:\/\/i0.wp.com\/gs-marketing.cz\/wp-content\/uploads\/2021\/03\/jan-kopriva-LTMaAwxanGk-unsplash-scaled.jpg?resize=768%2C511&amp;ssl=1 768w, https:\/\/i0.wp.com\/gs-marketing.cz\/wp-content\/uploads\/2021\/03\/jan-kopriva-LTMaAwxanGk-unsplash-scaled.jpg?resize=1536%2C1022&amp;ssl=1 1536w, https:\/\/i0.wp.com\/gs-marketing.cz\/wp-content\/uploads\/2021\/03\/jan-kopriva-LTMaAwxanGk-unsplash-scaled.jpg?resize=2048%2C1363&amp;ssl=1 2048w, https:\/\/i0.wp.com\/gs-marketing.cz\/wp-content\/uploads\/2021\/03\/jan-kopriva-LTMaAwxanGk-unsplash-scaled.jpg?resize=600%2C400&amp;ssl=1 600w, https:\/\/i0.wp.com\/gs-marketing.cz\/wp-content\/uploads\/2021\/03\/jan-kopriva-LTMaAwxanGk-unsplash-scaled.jpg?w=1920&amp;ssl=1 1920w\" sizes=\"(max-width: 960px) 100vw, 960px\" \/><div class=\"wp-block-cover__inner-container is-layout-flow wp-block-cover-is-layout-flow\">\n<div class=\"wp-block-columns alignwide is-layout-flex wp-container-core-columns-is-layout-9d6595d7 wp-block-columns-is-layout-flex\">\n<div class=\"wp-block-column is-vertically-aligned-center ml-5 is-layout-flow wp-block-column-is-layout-flow\">\n<div class=\"wp-block-group sliderbox-content ml-5\"><div class=\"wp-block-group__inner-container is-layout-flow wp-block-group-is-layout-flow\">\n<h1 class=\"mb-2 wp-block-heading\" style=\"font-size:45px\"><strong>G&#039;s GROUP HOLDINGS CZ sro<br><\/strong><\/h1>\n\n\n\n<p class=\"has-normal-font-size\"><strong>Spole\u010dnost G\u2019s Group Holdings CZ s. r. o. byla zalo\u017eena v roce 2008. Zalo\u017eila ji anglick\u00e1 spole\u010dnost G\u2019s Marketing LTD spolu se Zahradnictv\u00edm Litol s. r. o. a sdru\u017euje p\u011bstitelsk\u00e9, potravin\u00e1\u0159sk\u00e9 a obchodn\u00ed spole\u010dnosti, kter\u00e9 p\u016fsob\u00ed v okol\u00ed Lys\u00e9 nad Labem. Holding taky pat\u0159\u00ed do skupiny Shropshire Group.<\/strong><\/p>\n\n\n\n<div class=\"wp-block-buttons is-layout-flex wp-block-buttons-is-layout-flex\">\n<div class=\"wp-block-button\"><a class=\"wp-block-button__link has-white-color has-text-color has-background\" style=\"background-color:#73b21a\">Contact<\/a><\/div>\n<\/div>\n<\/div><\/div>\n<\/div>\n<\/div>\n<\/div><\/div>\n\n\n\n<h2 class=\"wp-block-heading\">SHROPSHIRE GROUP<br><\/h2>\n\n\n\n<p class=\"has-text-align-center\">Tato skupina podnik\u016f se zab\u00fdv\u00e1 zejm\u00e9na\u00a0zem\u011bd\u011blskou produkc\u00ed a pat\u0159\u00ed k nejv\u011bt\u0161\u00edm evropsk\u00fdm p\u011bstitel\u016fm zeleniny. P\u011bstuje zejm\u00e9na r\u016fzn\u00e9 druhy sal\u00e1t\u016f, cibule, svazkov\u00e9 cibule, \u0159edkvi\u010dek, \u010derven\u00e9 \u0159epy a \u0159ap\u00edkat\u00e9ho celeru. P\u016fsob\u00ed v n\u011bkolika oblastech Evropy, v Anglii v oblastech Cambridge, East Coast, Warwick; ve \u0160pan\u011blsku v okol\u00ed Murcie; v \u010cech\u00e1ch ve st\u0159edn\u00edm Polab\u00ed; v Polsku v oblasti Pomorsko-Kujawska; v Africe v Senegalu a na z\u00e1padn\u00edm pob\u0159e\u017e\u00ed USA.<img data-recalc-dims=\"1\" decoding=\"async\" width=\"500\" height=\"333\" class=\"wp-image-103\" style=\"width: 500px;\" src=\"https:\/\/i0.wp.com\/gs-marketing.cz\/wp-content\/uploads\/2021\/03\/homepage-e1490703260255.jpg?resize=500%2C333&#038;ssl=1\" alt=\"\" srcset=\"https:\/\/i0.wp.com\/gs-marketing.cz\/wp-content\/uploads\/2021\/03\/homepage-e1490703260255.jpg?w=600&amp;ssl=1 600w, https:\/\/i0.wp.com\/gs-marketing.cz\/wp-content\/uploads\/2021\/03\/homepage-e1490703260255.jpg?resize=300%2C200&amp;ssl=1 300w\" sizes=\"(max-width: 500px) 100vw, 500px\" \/><\/p>\n\n\n\n<p class=\"has-text-align-center\">Josef Valtr s Johnem Shropshirem a Tom\u00e1\u0161em Valtrem<\/p>","protected":false},"excerpt":{"rendered":"<p>SHROPSHIRE GROUP Tato skupina podnik\u016f se zab\u00fdv\u00e1 zejm\u00e9na\u00a0zem\u011bd\u011blskou produkc\u00ed a pat\u0159\u00ed k nejv\u011bt\u0161\u00edm evropsk\u00fdm p\u011bstitel\u016fm zeleniny. P\u011bstuje zejm\u00e9na r\u016fzn\u00e9 druhy sal\u00e1t\u016f, cibule, svazkov\u00e9 cibule, \u0159edkvi\u010dek, \u010derven\u00e9 \u0159epy a \u0159ap\u00edkat\u00e9ho celeru. P\u016fsob\u00ed v n\u011bkolika oblastech Evropy, v Anglii v oblastech Cambridge, East Coast, Warwick; ve \u0160pan\u011blsku v okol\u00ed Murcie; v \u010cech\u00e1ch ve st\u0159edn\u00edm Polab\u00ed; v Polsku&#8230;<\/p>","protected":false},"author":1,"featured_media":60,"parent":0,"menu_order":0,"comment_status":"closed","ping_status":"closed","template":"page-template\/custom-home-page.php","meta":{"footnotes":""},"class_list":{"0":"post-64","1":"page","2":"type-page","3":"status-publish","4":"has-post-thumbnail","5":"hentry","6":"nt-post-class","7":"","11":"excerpt-none"},"yoast_head":"<!-- This site is optimized with the Yoast SEO plugin v27.5 - https:\/\/yoast.com\/product\/yoast-seo-wordpress\/ -->\n<title>O Holdingu - G&#039;s Czech<\/title>\n<meta name=\"robots\" content=\"index, follow, max-snippet:-1, max-image-preview:large, max-video-preview:-1\" \/>\n<link rel=\"canonical\" href=\"https:\/\/gs-marketing.cz\/en\/o-holdingu\/\" \/>\n<meta property=\"og:locale\" content=\"en_GB\" \/>\n<meta property=\"og:type\" content=\"article\" \/>\n<meta property=\"og:title\" content=\"O Holdingu - G&#039;s Czech\" \/>\n<meta property=\"og:description\" content=\"SHROPSHIRE GROUP Tato skupina podnik\u016f se zab\u00fdv\u00e1 zejm\u00e9na\u00a0zem\u011bd\u011blskou produkc\u00ed a pat\u0159\u00ed k nejv\u011bt\u0161\u00edm evropsk\u00fdm p\u011bstitel\u016fm zeleniny. P\u011bstuje zejm\u00e9na r\u016fzn\u00e9 druhy sal\u00e1t\u016f, cibule, svazkov\u00e9 cibule, \u0159edkvi\u010dek, \u010derven\u00e9 \u0159epy a \u0159ap\u00edkat\u00e9ho celeru. P\u016fsob\u00ed v n\u011bkolika oblastech Evropy, v Anglii v oblastech Cambridge, East Coast, Warwick; ve \u0160pan\u011blsku v okol\u00ed Murcie; v \u010cech\u00e1ch ve st\u0159edn\u00edm Polab\u00ed; v Polsku...\" \/>\n<meta property=\"og:url\" content=\"https:\/\/gs-marketing.cz\/en\/o-holdingu\/\" \/>\n<meta property=\"og:site_name\" content=\"G&#039;s Czech\" \/>\n<meta property=\"article:modified_time\" content=\"2021-03-24T11:28:28+00:00\" \/>\n<meta property=\"og:image\" content=\"https:\/\/i2.wp.com\/gs-marketing.cz\/wp-content\/uploads\/2021\/03\/jan-kopriva-LTMaAwxanGk-unsplash-scaled.jpg?fit=2560%2C1703&ssl=1\" \/>\n\t<meta property=\"og:image:width\" content=\"2560\" \/>\n\t<meta property=\"og:image:height\" content=\"1703\" \/>\n\t<meta property=\"og:image:type\" content=\"image\/jpeg\" \/>\n<meta name=\"twitter:card\" content=\"summary_large_image\" \/>\n<meta name=\"twitter:label1\" content=\"Estimated reading time\" \/>\n\t<meta name=\"twitter:data1\" content=\"1 minute\" \/>\n<script type=\"application\/ld+json\" class=\"yoast-schema-graph\">{\"@context\":\"https:\\\/\\\/schema.org\",\"@graph\":[{\"@type\":\"WebPage\",\"@id\":\"https:\\\/\\\/gs-marketing.cz\\\/o-holdingu\\\/\",\"url\":\"https:\\\/\\\/gs-marketing.cz\\\/o-holdingu\\\/\",\"name\":\"O Holdingu - G&#039;s Czech\",\"isPartOf\":{\"@id\":\"https:\\\/\\\/gs-marketing.cz\\\/#website\"},\"primaryImageOfPage\":{\"@id\":\"https:\\\/\\\/gs-marketing.cz\\\/o-holdingu\\\/#primaryimage\"},\"image\":{\"@id\":\"https:\\\/\\\/gs-marketing.cz\\\/o-holdingu\\\/#primaryimage\"},\"thumbnailUrl\":\"https:\\\/\\\/i0.wp.com\\\/gs-marketing.cz\\\/wp-content\\\/uploads\\\/2021\\\/03\\\/jan-kopriva-LTMaAwxanGk-unsplash-scaled.jpg?fit=2560%2C1703&ssl=1\",\"datePublished\":\"2021-03-24T10:46:30+00:00\",\"dateModified\":\"2021-03-24T11:28:28+00:00\",\"breadcrumb\":{\"@id\":\"https:\\\/\\\/gs-marketing.cz\\\/o-holdingu\\\/#breadcrumb\"},\"inLanguage\":\"en-GB\",\"potentialAction\":[{\"@type\":\"ReadAction\",\"target\":[\"https:\\\/\\\/gs-marketing.cz\\\/o-holdingu\\\/\"]}]},{\"@type\":\"ImageObject\",\"inLanguage\":\"en-GB\",\"@id\":\"https:\\\/\\\/gs-marketing.cz\\\/o-holdingu\\\/#primaryimage\",\"url\":\"https:\\\/\\\/i0.wp.com\\\/gs-marketing.cz\\\/wp-content\\\/uploads\\\/2021\\\/03\\\/jan-kopriva-LTMaAwxanGk-unsplash-scaled.jpg?fit=2560%2C1703&ssl=1\",\"contentUrl\":\"https:\\\/\\\/i0.wp.com\\\/gs-marketing.cz\\\/wp-content\\\/uploads\\\/2021\\\/03\\\/jan-kopriva-LTMaAwxanGk-unsplash-scaled.jpg?fit=2560%2C1703&ssl=1\",\"width\":2560,\"height\":1703},{\"@type\":\"BreadcrumbList\",\"@id\":\"https:\\\/\\\/gs-marketing.cz\\\/o-holdingu\\\/#breadcrumb\",\"itemListElement\":[{\"@type\":\"ListItem\",\"position\":1,\"name\":\"Dom\u016f\",\"item\":\"https:\\\/\\\/gs-marketing.cz\\\/\"},{\"@type\":\"ListItem\",\"position\":2,\"name\":\"O Holdingu\"}]},{\"@type\":\"WebSite\",\"@id\":\"https:\\\/\\\/gs-marketing.cz\\\/#website\",\"url\":\"https:\\\/\\\/gs-marketing.cz\\\/\",\"name\":\"G's Czech\",\"description\":\"Kv\u011btiny a zelenina z Polab\u00ed\",\"publisher\":{\"@id\":\"https:\\\/\\\/gs-marketing.cz\\\/#organization\"},\"potentialAction\":[{\"@type\":\"SearchAction\",\"target\":{\"@type\":\"EntryPoint\",\"urlTemplate\":\"https:\\\/\\\/gs-marketing.cz\\\/?s={search_term_string}\"},\"query-input\":{\"@type\":\"PropertyValueSpecification\",\"valueRequired\":true,\"valueName\":\"search_term_string\"}}],\"inLanguage\":\"en-GB\"},{\"@type\":\"Organization\",\"@id\":\"https:\\\/\\\/gs-marketing.cz\\\/#organization\",\"name\":\"G's Czech\",\"url\":\"https:\\\/\\\/gs-marketing.cz\\\/\",\"logo\":{\"@type\":\"ImageObject\",\"inLanguage\":\"en-GB\",\"@id\":\"https:\\\/\\\/gs-marketing.cz\\\/#\\\/schema\\\/logo\\\/image\\\/\",\"url\":\"https:\\\/\\\/i0.wp.com\\\/gs-marketing.cz\\\/wp-content\\\/uploads\\\/2021\\\/04\\\/GS_logo.png?fit=2412%2C1612&ssl=1\",\"contentUrl\":\"https:\\\/\\\/i0.wp.com\\\/gs-marketing.cz\\\/wp-content\\\/uploads\\\/2021\\\/04\\\/GS_logo.png?fit=2412%2C1612&ssl=1\",\"width\":2412,\"height\":1612,\"caption\":\"G's Czech\"},\"image\":{\"@id\":\"https:\\\/\\\/gs-marketing.cz\\\/#\\\/schema\\\/logo\\\/image\\\/\"}}]}<\/script>\n<!-- \/ Yoast SEO plugin. -->","yoast_head_json":{"title":"O Holdingu - G&#039;s Czech","robots":{"index":"index","follow":"follow","max-snippet":"max-snippet:-1","max-image-preview":"max-image-preview:large","max-video-preview":"max-video-preview:-1"},"canonical":"https:\/\/gs-marketing.cz\/en\/o-holdingu\/","og_locale":"en_GB","og_type":"article","og_title":"O Holdingu - G&#039;s Czech","og_description":"SHROPSHIRE GROUP Tato skupina podnik\u016f se zab\u00fdv\u00e1 zejm\u00e9na\u00a0zem\u011bd\u011blskou produkc\u00ed a pat\u0159\u00ed k nejv\u011bt\u0161\u00edm evropsk\u00fdm p\u011bstitel\u016fm zeleniny. P\u011bstuje zejm\u00e9na r\u016fzn\u00e9 druhy sal\u00e1t\u016f, cibule, svazkov\u00e9 cibule, \u0159edkvi\u010dek, \u010derven\u00e9 \u0159epy a \u0159ap\u00edkat\u00e9ho celeru. P\u016fsob\u00ed v n\u011bkolika oblastech Evropy, v Anglii v oblastech Cambridge, East Coast, Warwick; ve \u0160pan\u011blsku v okol\u00ed Murcie; v \u010cech\u00e1ch ve st\u0159edn\u00edm Polab\u00ed; v Polsku...","og_url":"https:\/\/gs-marketing.cz\/en\/o-holdingu\/","og_site_name":"G&#039;s Czech","article_modified_time":"2021-03-24T11:28:28+00:00","og_image":[{"width":2560,"height":1703,"url":"https:\/\/i2.wp.com\/gs-marketing.cz\/wp-content\/uploads\/2021\/03\/jan-kopriva-LTMaAwxanGk-unsplash-scaled.jpg?fit=2560%2C1703&ssl=1","type":"image\/jpeg"}],"twitter_card":"summary_large_image","twitter_misc":{"Estimated reading time":"1 minute"},"schema":{"@context":"https:\/\/schema.org","@graph":[{"@type":"WebPage","@id":"https:\/\/gs-marketing.cz\/o-holdingu\/","url":"https:\/\/gs-marketing.cz\/o-holdingu\/","name":"O Holdingu - G&#039;s Czech","isPartOf":{"@id":"https:\/\/gs-marketing.cz\/#website"},"primaryImageOfPage":{"@id":"https:\/\/gs-marketing.cz\/o-holdingu\/#primaryimage"},"image":{"@id":"https:\/\/gs-marketing.cz\/o-holdingu\/#primaryimage"},"thumbnailUrl":"https:\/\/i0.wp.com\/gs-marketing.cz\/wp-content\/uploads\/2021\/03\/jan-kopriva-LTMaAwxanGk-unsplash-scaled.jpg?fit=2560%2C1703&ssl=1","datePublished":"2021-03-24T10:46:30+00:00","dateModified":"2021-03-24T11:28:28+00:00","breadcrumb":{"@id":"https:\/\/gs-marketing.cz\/o-holdingu\/#breadcrumb"},"inLanguage":"en-GB","potentialAction":[{"@type":"ReadAction","target":["https:\/\/gs-marketing.cz\/o-holdingu\/"]}]},{"@type":"ImageObject","inLanguage":"en-GB","@id":"https:\/\/gs-marketing.cz\/o-holdingu\/#primaryimage","url":"https:\/\/i0.wp.com\/gs-marketing.cz\/wp-content\/uploads\/2021\/03\/jan-kopriva-LTMaAwxanGk-unsplash-scaled.jpg?fit=2560%2C1703&ssl=1","contentUrl":"https:\/\/i0.wp.com\/gs-marketing.cz\/wp-content\/uploads\/2021\/03\/jan-kopriva-LTMaAwxanGk-unsplash-scaled.jpg?fit=2560%2C1703&ssl=1","width":2560,"height":1703},{"@type":"BreadcrumbList","@id":"https:\/\/gs-marketing.cz\/o-holdingu\/#breadcrumb","itemListElement":[{"@type":"ListItem","position":1,"name":"Dom\u016f","item":"https:\/\/gs-marketing.cz\/"},{"@type":"ListItem","position":2,"name":"O Holdingu"}]},{"@type":"WebSite","@id":"https:\/\/gs-marketing.cz\/#website","url":"https:\/\/gs-marketing.cz\/","name":"G&#039;s Czech","description":"Flowers and vegetables from the Labe region","publisher":{"@id":"https:\/\/gs-marketing.cz\/#organization"},"potentialAction":[{"@type":"SearchAction","target":{"@type":"EntryPoint","urlTemplate":"https:\/\/gs-marketing.cz\/?s={search_term_string}"},"query-input":{"@type":"PropertyValueSpecification","valueRequired":true,"valueName":"search_term_string"}}],"inLanguage":"en-GB"},{"@type":"Organization","@id":"https:\/\/gs-marketing.cz\/#organization","name":"G&#039;s Czech","url":"https:\/\/gs-marketing.cz\/","logo":{"@type":"ImageObject","inLanguage":"en-GB","@id":"https:\/\/gs-marketing.cz\/#\/schema\/logo\/image\/","url":"https:\/\/i0.wp.com\/gs-marketing.cz\/wp-content\/uploads\/2021\/04\/GS_logo.png?fit=2412%2C1612&ssl=1","contentUrl":"https:\/\/i0.wp.com\/gs-marketing.cz\/wp-content\/uploads\/2021\/04\/GS_logo.png?fit=2412%2C1612&ssl=1","width":2412,"height":1612,"caption":"G's Czech"},"image":{"@id":"https:\/\/gs-marketing.cz\/#\/schema\/logo\/image\/"}}]}},"jetpack_sharing_enabled":true,"_links":{"self":[{"href":"https:\/\/gs-marketing.cz\/en\/wp-json\/wp\/v2\/pages\/64","targetHints":{"allow":["GET"]}}],"collection":[{"href":"https:\/\/gs-marketing.cz\/en\/wp-json\/wp\/v2\/pages"}],"about":[{"href":"https:\/\/gs-marketing.cz\/en\/wp-json\/wp\/v2\/types\/page"}],"author":[{"embeddable":true,"href":"https:\/\/gs-marketing.cz\/en\/wp-json\/wp\/v2\/users\/1"}],"replies":[{"embeddable":true,"href":"https:\/\/gs-marketing.cz\/en\/wp-json\/wp\/v2\/comments?post=64"}],"version-history":[{"count":4,"href":"https:\/\/gs-marketing.cz\/en\/wp-json\/wp\/v2\/pages\/64\/revisions"}],"predecessor-version":[{"id":104,"href":"https:\/\/gs-marketing.cz\/en\/wp-json\/wp\/v2\/pages\/64\/revisions\/104"}],"wp:featuredmedia":[{"embeddable":true,"href":"https:\/\/gs-marketing.cz\/en\/wp-json\/wp\/v2\/media\/60"}],"wp:attachment":[{"href":"https:\/\/gs-marketing.cz\/en\/wp-json\/wp\/v2\/media?parent=64"}],"curies":[{"name":"wp","href":"https:\/\/api.w.org\/{rel}","templated":true}]}}